{"id":916,"date":"2024-07-22T11:46:55","date_gmt":"2024-07-22T09:46:55","guid":{"rendered":"https:\/\/formamentisconsulting.com\/qui-som\/"},"modified":"2024-08-23T14:43:40","modified_gmt":"2024-08-23T12:43:40","slug":"qui-som","status":"publish","type":"page","link":"https:\/\/formamentisconsulting.com\/ca\/qui-som\/","title":{"rendered":"Qui som"},"content":{"rendered":"<p>[et_pb_section fb_built=&#8221;1&#8243; custom_padding_last_edited=&#8221;on|phone&#8221; module_class=&#8221;quienes-somos-header&#8221; _builder_version=&#8221;4.27.0&#8243; _module_preset=&#8221;default&#8221; background_color=&#8221;#f5f5f1&#8243; custom_padding=&#8221;5em||5em||true|false&#8221; custom_padding_tablet=&#8221;2em||2em||true|false&#8221; custom_padding_phone=&#8221;2em||2em||true|false&#8221; global_colors_info=&#8221;{}&#8221;][et_pb_row column_structure=&#8221;1_2,1_2&#8243; _builder_version=&#8221;4.27.0&#8243; _module_preset=&#8221;default&#8221; width=&#8221;90%&#8221; custom_padding=&#8221;0px||0px||false|false&#8221; custom_css_main_element=&#8221;display: flex;||justify-content: center;||align-items: center;&#8221; global_colors_info=&#8221;{}&#8221; custom_css_main_element_last_edited=&#8221;on|tablet&#8221; custom_css_main_element_tablet=&#8221;display: flex;||    justify-content: center;||    align-items: center;||    flex-direction: column;&#8221; custom_css_main_element_phone=&#8221;display: flex;||    justify-content: center;||    align-items: center;||    flex-direction: column;&#8221;][et_pb_column type=&#8221;1_2&#8243; _builder_version=&#8221;4.27.0&#8243; _module_preset=&#8221;default&#8221; global_colors_info=&#8221;{}&#8221;][et_pb_image src=&#8221;https:\/\/formamentisconsulting.com\/wp-content\/uploads\/2024\/07\/logo-slider-formamentis.svg&#8221; alt=&#8221;logo-slider-formamentis&#8221; title_text=&#8221;logo-slider-formamentis&#8221; align=&#8221;center&#8221; _builder_version=&#8221;4.27.0&#8243; _module_preset=&#8221;default&#8221; width=&#8221;50%&#8221; width_tablet=&#8221;25%&#8221; width_phone=&#8221;30%&#8221; width_last_edited=&#8221;on|phone&#8221; global_colors_info=&#8221;{}&#8221;][\/et_pb_image][\/et_pb_column][et_pb_column type=&#8221;1_2&#8243; _builder_version=&#8221;4.27.0&#8243; _module_preset=&#8221;default&#8221; global_colors_info=&#8221;{}&#8221;][et_pb_text _builder_version=&#8221;4.27.0&#8243; _module_preset=&#8221;default&#8221; header_font=&#8221;|600|||||||&#8221; header_font_size=&#8221;70px&#8221; header_line_height=&#8221;1.4em&#8221; width=&#8221;70%&#8221; width_tablet=&#8221;100%&#8221; width_phone=&#8221;100%&#8221; width_last_edited=&#8221;on|tablet&#8221; custom_margin=&#8221;||1em||false|false&#8221; header_text_align_tablet=&#8221;center&#8221; header_text_align_phone=&#8221;center&#8221; header_text_align_last_edited=&#8221;on|tablet&#8221; header_font_size_tablet=&#8221;50px&#8221; header_font_size_phone=&#8221;20px&#8221; header_font_size_last_edited=&#8221;on|phone&#8221; module_alignment_tablet=&#8221;center&#8221; module_alignment_phone=&#8221;center&#8221; module_alignment_last_edited=&#8221;on|tablet&#8221; global_colors_info=&#8221;{}&#8221;]<\/p>\n<h1><strong><em>Filosofia, missi\u00f3 <\/em><\/strong><em>i<\/em><strong><em> valors<\/em><\/strong><\/h1>\n<p>[\/et_pb_text][et_pb_text _builder_version=&#8221;4.27.0&#8243; _module_preset=&#8221;default&#8221; text_orientation_tablet=&#8221;center&#8221; text_orientation_phone=&#8221;center&#8221; text_orientation_last_edited=&#8221;on|tablet&#8221; global_colors_info=&#8221;{}&#8221;]<\/p>\n<p>A <em><strong>FormaMentis<\/strong><\/em>, som un equip de visionaris <strong>dedicats a redefinir l&#8217;art de la col\u00b7laboraci\u00f3 i la creativitat al m\u00f3n professional i art\u00edstic<\/strong>. Des de la nostra creaci\u00f3, ens hem proposat l&#8217;objectiu de transformar equips, creatius i artistes, potenciant-ne la sinergia i l&#8217;efic\u00e0cia operativa a trav\u00e9s d&#8217;enfocaments innovadors i personalitzats.<\/p>\n<p>[\/et_pb_text][\/et_pb_column][\/et_pb_row][\/et_pb_section][et_pb_section fb_built=&#8221;1&#8243; module_class=&#8221;quienes-somos-content&#8221; _builder_version=&#8221;4.27.0&#8243; _module_preset=&#8221;default&#8221; custom_padding=&#8221;2em||2em||true|false&#8221; global_colors_info=&#8221;{}&#8221;][et_pb_row column_structure=&#8221;1_3,1_3,1_3&#8243; _builder_version=&#8221;4.27.0&#8243; _module_preset=&#8221;default&#8221; custom_padding=&#8221;||0px||false|false&#8221; global_colors_info=&#8221;{}&#8221;][et_pb_column type=&#8221;1_3&#8243; _builder_version=&#8221;4.27.0&#8243; _module_preset=&#8221;default&#8221; global_colors_info=&#8221;{}&#8221;][et_pb_text _builder_version=&#8221;4.27.0&#8243; _module_preset=&#8221;default&#8221; header_2_font=&#8221;|700|||||||&#8221; header_2_text_color=&#8221;#1a7d71&#8243; header_2_font_size=&#8221;40px&#8221; custom_margin=&#8221;||2em||false|false&#8221; header_2_text_align_tablet=&#8221;center&#8221; header_2_text_align_phone=&#8221;center&#8221; header_2_text_align_last_edited=&#8221;on|tablet&#8221; global_colors_info=&#8221;{}&#8221;]<\/p>\n<h2>Filosofia<\/h2>\n<p>[\/et_pb_text][et_pb_text _builder_version=&#8221;4.27.0&#8243; _module_preset=&#8221;default&#8221; text_orientation_tablet=&#8221;center&#8221; text_orientation_phone=&#8221;center&#8221; text_orientation_last_edited=&#8221;on|tablet&#8221; global_colors_info=&#8221;{}&#8221;]<\/p>\n<p>Creiem fermament en el poder transformador de la creativitat i la col\u00b7laboraci\u00f3. <strong>El nostre enfocament se centra a desbloquejar el potencial il\u00b7limitat de cada individu i equip,<\/strong> combinant metodologies \u00e0gils, principis de ter\u00e0pia Gestalt i una profunda comprensi\u00f3 del proc\u00e9s creatiu. Veiem cada desafiament com <strong>una oportunitat per cr\u00e9ixer i cada projecte com un xan\u00e7 per superar barreres i assolir l&#8217;excel\u00b7l\u00e8ncia junts.<\/strong><\/p>\n<p>[\/et_pb_text][et_pb_text _builder_version=&#8221;4.27.0&#8243; _module_preset=&#8221;default&#8221; header_2_font=&#8221;|700|||||||&#8221; header_2_text_color=&#8221;#1a7d71&#8243; header_2_font_size=&#8221;40px&#8221; custom_margin=&#8221;||2em||false|false&#8221; header_2_text_align_tablet=&#8221;center&#8221; header_2_text_align_phone=&#8221;center&#8221; header_2_text_align_last_edited=&#8221;on|tablet&#8221; locked=&#8221;off&#8221; global_colors_info=&#8221;{}&#8221;]<\/p>\n<h2>Missi\u00f3<\/h2>\n<p>[\/et_pb_text][et_pb_text _builder_version=&#8221;4.27.0&#8243; _module_preset=&#8221;default&#8221; text_orientation_tablet=&#8221;center&#8221; text_orientation_phone=&#8221;center&#8221; text_orientation_last_edited=&#8221;on|tablet&#8221; locked=&#8221;off&#8221; global_colors_info=&#8221;{}&#8221;]<\/p>\n<p>Guiar creatius, equips i organitzacions a trav\u00e9s del viatge de transformaci\u00f3, <strong>des de superar bloquejos creatius i desafiaments d&#8217;equip fins a assolir una col\u00b7laboraci\u00f3 i resultats excepcionals<\/strong>. A FormaMentis Consulting, no nom\u00e9s canviem la manera com les persones treballen juntes; transformem la manera com veuen el m\u00f3n ia si mateixos.<\/p>\n<p>[\/et_pb_text][\/et_pb_column][et_pb_column type=&#8221;1_3&#8243; _builder_version=&#8221;4.27.0&#8243; _module_preset=&#8221;default&#8221; global_colors_info=&#8221;{}&#8221;][et_pb_text _builder_version=&#8221;4.27.0&#8243; _module_preset=&#8221;default&#8221; header_2_font=&#8221;|700|||||||&#8221; header_2_text_color=&#8221;#1a7d71&#8243; header_2_font_size=&#8221;40px&#8221; custom_margin=&#8221;||2em||false|false&#8221; header_2_text_align_tablet=&#8221;center&#8221; header_2_text_align_phone=&#8221;center&#8221; header_2_text_align_last_edited=&#8221;on|tablet&#8221; locked=&#8221;off&#8221; global_colors_info=&#8221;{}&#8221;]<\/p>\n<h2>Valors<\/h2>\n<p>[\/et_pb_text][et_pb_text _builder_version=&#8221;4.27.0&#8243; _module_preset=&#8221;default&#8221; text_orientation_tablet=&#8221;center&#8221; text_orientation_phone=&#8221;center&#8221; text_orientation_last_edited=&#8221;on|tablet&#8221; locked=&#8221;off&#8221; global_colors_info=&#8221;{}&#8221;]<\/p>\n<ul>\n<li><em>Innovaci\u00f3<\/em>: Ens esforcem per estar a l&#8217;avantguarda de les metodologies de col\u00b7laboraci\u00f3 i creativitat, cercant sempre formes innovadores de superar obstacles i millorar processos.<\/li>\n<li><em>Empatia<\/em>: Entenem la import\u00e0ncia de la connexi\u00f3 humana i l&#8217;empatia a la feina creativa ia la gesti\u00f3 d&#8217;equips. Els nostres m\u00e8todes estan dissenyats per fomentar entorns de treball inclusius i comprensius.<\/li>\n<li><em>Excel\u00b7l\u00e8ncia<\/em>: La qualitat no \u00e9s negociable. Ens dediquem a oferir solucions de la m\u00e9s alta qualitat, assegurant que cada projecte reflecteixi el nostre comprom\u00eds amb l&#8217;excel\u00b7l\u00e8ncia.<\/li>\n<li><em>Col\u00b7laboraci\u00f3:<\/em> Creiem en el poder de treballar plegats. La col\u00b7laboraci\u00f3 \u00e9s la pedra angular del nostre enfocament, promovent entorns on tots se sentin valorats i parteix d&#8217;una mica m\u00e9s gran.<\/li>\n<\/ul>\n<p>[\/et_pb_text][\/et_pb_column][et_pb_column type=&#8221;1_3&#8243; _builder_version=&#8221;4.27.0&#8243; _module_preset=&#8221;default&#8221; global_colors_info=&#8221;{}&#8221;][et_pb_cta title=&#8221;Donant forma al teu potencial &#8221; button_url=&#8221;https:\/\/formamentisconsulting.com\/ca\/#reserva&#8221; button_text=&#8221;Reservar cita&#8221; module_class=&#8221;quienes-somos-banner&#8221; _builder_version=&#8221;4.27.0&#8243; _module_preset=&#8221;default&#8221; header_text_color=&#8221;#FFFFFF&#8221; body_font=&#8221;&#8211;et_global_heading_font||||||||&#8221; body_text_color=&#8221;#000000&#8243; body_font_size=&#8221;40px&#8221; body_line_height=&#8221;1.3em&#8221; background_color=&#8221;#f9f9f9&#8243; background_image=&#8221;https:\/\/formamentisconsulting.com\/wp-content\/uploads\/2024\/07\/fondo-banner-formamentis.svg&#8221; background_size=&#8221;custom&#8221; background_image_width=&#8221;70%&#8221; background_blend=&#8221;color-burn&#8221; custom_button=&#8221;on&#8221; button_text_size=&#8221;14px&#8221; button_text_color=&#8221;#ffffff&#8221; button_bg_color=&#8221;#1a7d71&#8243; button_border_width=&#8221;0px&#8221; button_border_color=&#8221;RGBA(255,255,255,0)&#8221; button_border_radius=&#8221;0px&#8221; button_font=&#8221;|||on|||||&#8221; button_use_icon=&#8221;off&#8221; button_alignment=&#8221;center&#8221; button_custom_padding=&#8221;|1em||1em|false|true&#8221; custom_padding=&#8221;3em||3em||true|false&#8221; hover_enabled=&#8221;0&#8243; body_font_size_tablet=&#8221;30px&#8221; body_font_size_phone=&#8221;25px&#8221; body_font_size_last_edited=&#8221;on|phone&#8221; custom_css_promo_title=&#8221;display: none;&#8221; global_colors_info=&#8221;{}&#8221; custom_css_main_element_last_edited=&#8221;on|tablet&#8221; custom_css_main_element_tablet=&#8221;display: flex;||flex-direction: column;&#8221; custom_css_main_element_phone=&#8221;display: flex;||flex-direction: column;&#8221; sticky_enabled=&#8221;0&#8243;]<\/p>\n<p><img loading=\"lazy\" decoding=\"async\" class=\"wp-image-221 alignnone size-medium\" src=\"https:\/\/formamentisconsulting.com\/wp-content\/uploads\/2024\/07\/logo-banner-formamentis.svg\" alt=\"logo-banner-formamentis\" width=\"300\" height=\"300\" \/>Donant form al teu <em>potencial<\/em><\/p>\n<p>[\/et_pb_cta][\/et_pb_column][\/et_pb_row][\/et_pb_section]<\/p>\n","protected":false},"excerpt":{"rendered":"<p>Filosofia, missi\u00f3 i valorsA FormaMentis, som un equip de visionaris dedicats a redefinir l&#8217;art de la col\u00b7laboraci\u00f3 i la creativitat al m\u00f3n professional i art\u00edstic. Des de la nostra creaci\u00f3, ens hem proposat l&#8217;objectiu de transformar equips, creatius i artistes, potenciant-ne la sinergia i l&#8217;efic\u00e0cia operativa a trav\u00e9s d&#8217;enfocaments innovadors i personalitzats.FilosofiaCreiem fermament en el [&hellip;]<\/p>\n","protected":false},"author":1,"featured_media":0,"parent":0,"menu_order":0,"comment_status":"closed","ping_status":"closed","template":"","meta":{"_acf_changed":false,"_et_pb_use_builder":"on","_et_pb_old_content":"","_et_gb_content_width":"","inline_featured_image":false,"footnotes":""},"class_list":["post-916","page","type-page","status-publish","hentry"],"acf":[],"yoast_head":"<!-- This site is optimized with the Yoast SEO plugin v27.2 - https:\/\/yoast.com\/product\/yoast-seo-wordpress\/ -->\n<title>FormaMentis Consulting I Donant forma al teu potencial | Qui som<\/title>\n<meta name=\"description\" content=\"A FormaMentis Consulting transformem equips creatius i artistes, potenciant la seva sinergia i efic\u00e0cia amb enfocaments personalitzats.\" \/>\n<meta name=\"robots\" content=\"index, follow, max-snippet:-1, max-image-preview:large, max-video-preview:-1\" \/>\n<link rel=\"canonical\" href=\"https:\/\/formamentisconsulting.com\/quienes-somos\/\" \/>\n<meta property=\"og:locale\" content=\"ca_ES\" \/>\n<meta property=\"og:type\" content=\"article\" \/>\n<meta property=\"og:title\" content=\"FormaMentis Consulting I Donant forma al teu potencial | Qui som\" \/>\n<meta property=\"og:description\" content=\"A FormaMentis Consulting transformem equips creatius i artistes, potenciant la seva sinergia i efic\u00e0cia amb enfocaments personalitzats.\" \/>\n<meta property=\"og:url\" content=\"https:\/\/formamentisconsulting.com\/quienes-somos\/\" \/>\n<meta property=\"og:site_name\" content=\"Formamentis\" \/>\n<meta property=\"article:modified_time\" content=\"2024-08-23T12:43:40+00:00\" \/>\n<meta property=\"og:image\" content=\"https:\/\/formamentisconsulting.com\/wp-content\/uploads\/2024\/07\/logo-banner-formamentis.svg\" \/>\n<meta name=\"twitter:card\" content=\"summary_large_image\" \/>\n<meta name=\"twitter:label1\" content=\"Temps estimat de lectura\" \/>\n\t<meta name=\"twitter:data1\" content=\"6 minuts\" \/>\n<script type=\"application\/ld+json\" class=\"yoast-schema-graph\">{\"@context\":\"https:\/\/schema.org\",\"@graph\":[{\"@type\":\"WebPage\",\"@id\":\"https:\/\/formamentisconsulting.com\/quienes-somos\/\",\"url\":\"https:\/\/formamentisconsulting.com\/quienes-somos\/\",\"name\":\"FormaMentis Consulting I Donant forma al teu potencial | Qui som\",\"isPartOf\":{\"@id\":\"https:\/\/formamentisconsulting.com\/#website\"},\"primaryImageOfPage\":{\"@id\":\"https:\/\/formamentisconsulting.com\/quienes-somos\/#primaryimage\"},\"image\":{\"@id\":\"https:\/\/formamentisconsulting.com\/quienes-somos\/#primaryimage\"},\"thumbnailUrl\":\"https:\/\/formamentisconsulting.com\/wp-content\/uploads\/2024\/07\/logo-banner-formamentis.svg\",\"datePublished\":\"2024-07-22T09:46:55+00:00\",\"dateModified\":\"2024-08-23T12:43:40+00:00\",\"description\":\"A FormaMentis Consulting transformem equips creatius i artistes, potenciant la seva sinergia i efic\u00e0cia amb enfocaments personalitzats.\",\"breadcrumb\":{\"@id\":\"https:\/\/formamentisconsulting.com\/quienes-somos\/#breadcrumb\"},\"inLanguage\":\"ca\",\"potentialAction\":[{\"@type\":\"ReadAction\",\"target\":[\"https:\/\/formamentisconsulting.com\/quienes-somos\/\"]}]},{\"@type\":\"ImageObject\",\"inLanguage\":\"ca\",\"@id\":\"https:\/\/formamentisconsulting.com\/quienes-somos\/#primaryimage\",\"url\":\"https:\/\/formamentisconsulting.com\/wp-content\/uploads\/2024\/07\/logo-banner-formamentis.svg\",\"contentUrl\":\"https:\/\/formamentisconsulting.com\/wp-content\/uploads\/2024\/07\/logo-banner-formamentis.svg\"},{\"@type\":\"BreadcrumbList\",\"@id\":\"https:\/\/formamentisconsulting.com\/quienes-somos\/#breadcrumb\",\"itemListElement\":[{\"@type\":\"ListItem\",\"position\":1,\"name\":\"Home\",\"item\":\"https:\/\/formamentisconsulting.com\/\"},{\"@type\":\"ListItem\",\"position\":2,\"name\":\"Qui som\"}]},{\"@type\":\"WebSite\",\"@id\":\"https:\/\/formamentisconsulting.com\/#website\",\"url\":\"https:\/\/formamentisconsulting.com\/\",\"name\":\"Formamentis\",\"description\":\"\",\"potentialAction\":[{\"@type\":\"SearchAction\",\"target\":{\"@type\":\"EntryPoint\",\"urlTemplate\":\"https:\/\/formamentisconsulting.com\/?s={search_term_string}\"},\"query-input\":{\"@type\":\"PropertyValueSpecification\",\"valueRequired\":true,\"valueName\":\"search_term_string\"}}],\"inLanguage\":\"ca\"}]}<\/script>\n<!-- \/ Yoast SEO plugin. -->","yoast_head_json":{"title":"FormaMentis Consulting I Donant forma al teu potencial | Qui som","description":"A FormaMentis Consulting transformem equips creatius i artistes, potenciant la seva sinergia i efic\u00e0cia amb enfocaments personalitzats.","robots":{"index":"index","follow":"follow","max-snippet":"max-snippet:-1","max-image-preview":"max-image-preview:large","max-video-preview":"max-video-preview:-1"},"canonical":"https:\/\/formamentisconsulting.com\/quienes-somos\/","og_locale":"ca_ES","og_type":"article","og_title":"FormaMentis Consulting I Donant forma al teu potencial | Qui som","og_description":"A FormaMentis Consulting transformem equips creatius i artistes, potenciant la seva sinergia i efic\u00e0cia amb enfocaments personalitzats.","og_url":"https:\/\/formamentisconsulting.com\/quienes-somos\/","og_site_name":"Formamentis","article_modified_time":"2024-08-23T12:43:40+00:00","og_image":[{"url":"https:\/\/formamentisconsulting.com\/wp-content\/uploads\/2024\/07\/logo-banner-formamentis.svg","type":"","width":"","height":""}],"twitter_card":"summary_large_image","twitter_misc":{"Temps estimat de lectura":"6 minuts"},"schema":{"@context":"https:\/\/schema.org","@graph":[{"@type":"WebPage","@id":"https:\/\/formamentisconsulting.com\/quienes-somos\/","url":"https:\/\/formamentisconsulting.com\/quienes-somos\/","name":"FormaMentis Consulting I Donant forma al teu potencial | Qui som","isPartOf":{"@id":"https:\/\/formamentisconsulting.com\/#website"},"primaryImageOfPage":{"@id":"https:\/\/formamentisconsulting.com\/quienes-somos\/#primaryimage"},"image":{"@id":"https:\/\/formamentisconsulting.com\/quienes-somos\/#primaryimage"},"thumbnailUrl":"https:\/\/formamentisconsulting.com\/wp-content\/uploads\/2024\/07\/logo-banner-formamentis.svg","datePublished":"2024-07-22T09:46:55+00:00","dateModified":"2024-08-23T12:43:40+00:00","description":"A FormaMentis Consulting transformem equips creatius i artistes, potenciant la seva sinergia i efic\u00e0cia amb enfocaments personalitzats.","breadcrumb":{"@id":"https:\/\/formamentisconsulting.com\/quienes-somos\/#breadcrumb"},"inLanguage":"ca","potentialAction":[{"@type":"ReadAction","target":["https:\/\/formamentisconsulting.com\/quienes-somos\/"]}]},{"@type":"ImageObject","inLanguage":"ca","@id":"https:\/\/formamentisconsulting.com\/quienes-somos\/#primaryimage","url":"https:\/\/formamentisconsulting.com\/wp-content\/uploads\/2024\/07\/logo-banner-formamentis.svg","contentUrl":"https:\/\/formamentisconsulting.com\/wp-content\/uploads\/2024\/07\/logo-banner-formamentis.svg"},{"@type":"BreadcrumbList","@id":"https:\/\/formamentisconsulting.com\/quienes-somos\/#breadcrumb","itemListElement":[{"@type":"ListItem","position":1,"name":"Home","item":"https:\/\/formamentisconsulting.com\/"},{"@type":"ListItem","position":2,"name":"Qui som"}]},{"@type":"WebSite","@id":"https:\/\/formamentisconsulting.com\/#website","url":"https:\/\/formamentisconsulting.com\/","name":"Formamentis","description":"","potentialAction":[{"@type":"SearchAction","target":{"@type":"EntryPoint","urlTemplate":"https:\/\/formamentisconsulting.com\/?s={search_term_string}"},"query-input":{"@type":"PropertyValueSpecification","valueRequired":true,"valueName":"search_term_string"}}],"inLanguage":"ca"}]}},"_links":{"self":[{"href":"https:\/\/formamentisconsulting.com\/ca\/wp-json\/wp\/v2\/pages\/916","targetHints":{"allow":["GET"]}}],"collection":[{"href":"https:\/\/formamentisconsulting.com\/ca\/wp-json\/wp\/v2\/pages"}],"about":[{"href":"https:\/\/formamentisconsulting.com\/ca\/wp-json\/wp\/v2\/types\/page"}],"author":[{"embeddable":true,"href":"https:\/\/formamentisconsulting.com\/ca\/wp-json\/wp\/v2\/users\/1"}],"replies":[{"embeddable":true,"href":"https:\/\/formamentisconsulting.com\/ca\/wp-json\/wp\/v2\/comments?post=916"}],"version-history":[{"count":6,"href":"https:\/\/formamentisconsulting.com\/ca\/wp-json\/wp\/v2\/pages\/916\/revisions"}],"predecessor-version":[{"id":1117,"href":"https:\/\/formamentisconsulting.com\/ca\/wp-json\/wp\/v2\/pages\/916\/revisions\/1117"}],"wp:attachment":[{"href":"https:\/\/formamentisconsulting.com\/ca\/wp-json\/wp\/v2\/media?parent=916"}],"curies":[{"name":"wp","href":"https:\/\/api.w.org\/{rel}","templated":true}]}}